{"id":3031,"date":"2021-09-24T15:21:03","date_gmt":"2021-09-24T15:21:03","guid":{"rendered":"https:\/\/www.muniolopa.gob.gt\/?page_id=3031"},"modified":"2024-04-29T21:06:31","modified_gmt":"2024-04-29T21:06:31","slug":"3031-2","status":"publish","type":"page","link":"https:\/\/www.muniolopa.gob.gt\/index.php\/3031-2\/","title":{"rendered":""},"content":{"rendered":"<h2 style=\"text-align: center;\">Alcalde Municipal<\/h2>\n<p><img fetchpriority=\"high\" decoding=\"async\" class=\" wp-image-9664 aligncenter\" src=\"https:\/\/www.muniolopa.gob.gt\/wp-content\/uploads\/2024\/04\/photo_5008214888757177463_y-300x225.jpg\" alt=\"\" width=\"563\" height=\"422\" srcset=\"https:\/\/www.muniolopa.gob.gt\/wp-content\/uploads\/2024\/04\/photo_5008214888757177463_y-300x225.jpg 300w, https:\/\/www.muniolopa.gob.gt\/wp-content\/uploads\/2024\/04\/photo_5008214888757177463_y-1024x768.jpg 1024w, https:\/\/www.muniolopa.gob.gt\/wp-content\/uploads\/2024\/04\/photo_5008214888757177463_y.jpg 1280w\" sizes=\"(max-width: 563px) 100vw, 563px\" \/><\/p>\n<p style=\"text-align: justify;\">Queridos ciudadanos y visitantes,<\/p>\n<p style=\"text-align: justify;\">Con enorme placer, les doy la bienvenida a nuestra p\u00e1gina. Sabemos la importancia que la comunicaci\u00f3n tiene actualmente en nuestras vidas, siendo por eso primordial en la promoci\u00f3n, informaci\u00f3n e interacci\u00f3n con nuestros ciudadanos y visitantes.<\/p>\n<p style=\"text-align: justify;\">Iniciamos ahora un nuevo ciclo, conscientes de las dificultades que nos est\u00e1 afectando, pero sabiendo tambi\u00e9n cu\u00e1les son las potencialidades de nuestro municipio y las capacidades que los \u201colopenses\u201d ya que han demostrado todo para superar los momentos dif\u00edciles.<\/p>\n<p style=\"text-align: justify;\">Contamos con todos, porque sabemos que la uni\u00f3n hace la fuerza. A trav\u00e9s de nuestra web, adem\u00e1s de la promoci\u00f3n y divulgaci\u00f3n de todo lo que sucede en el municipio de Olopa, queremos facilitarle toda la informaci\u00f3n interna de la municipalidad para que as\u00ed, pueda aclarar cualquier tipo de problema respecto al funcionamiento del Municipio y de sus diferentes unidades y oficinas.<\/p>\n<p style=\"text-align: justify;\">Olopa est\u00e1 en v\u00edas de desarrollo y, cada vez, m\u00e1s solicitada como destino tur\u00edstico. Queremos potenciar nuestras cualidades y cambios de actitudes, sabemos que este es un \u201cv\u00ednculo\u201d importante para alcanzar ese objetivo, y trabajamos para que Olopa sea cada vez m\u00e1s atractiva para quien nos visita y motivo de orgullo para todos los \u201colopenses.\u201d.<\/p>\n<p style=\"text-align: justify;\">Un abrazo.<\/p>\n<p>&nbsp;<\/p>\n<div class=\"pvc_clear\"><\/div>\n<p id=\"pvc_stats_3031\" class=\"pvc_stats all  \" data-element-id=\"3031\" style=\"\"><i class=\"pvc-stats-icon medium\" aria-hidden=\"true\"><svg aria-hidden=\"true\" focusable=\"false\" data-prefix=\"far\" data-icon=\"chart-bar\" role=\"img\" xmlns=\"http:\/\/www.w3.org\/2000\/svg\" viewBox=\"0 0 512 512\" class=\"svg-inline--fa fa-chart-bar fa-w-16 fa-2x\"><path fill=\"currentColor\" d=\"M396.8 352h22.4c6.4 0 12.8-6.4 12.8-12.8V108.8c0-6.4-6.4-12.8-12.8-12.8h-22.4c-6.4 0-12.8 6.4-12.8 12.8v230.4c0 6.4 6.4 12.8 12.8 12.8zm-192 0h22.4c6.4 0 12.8-6.4 12.8-12.8V140.8c0-6.4-6.4-12.8-12.8-12.8h-22.4c-6.4 0-12.8 6.4-12.8 12.8v198.4c0 6.4 6.4 12.8 12.8 12.8zm96 0h22.4c6.4 0 12.8-6.4 12.8-12.8V204.8c0-6.4-6.4-12.8-12.8-12.8h-22.4c-6.4 0-12.8 6.4-12.8 12.8v134.4c0 6.4 6.4 12.8 12.8 12.8zM496 400H48V80c0-8.84-7.16-16-16-16H16C7.16 64 0 71.16 0 80v336c0 17.67 14.33 32 32 32h464c8.84 0 16-7.16 16-16v-16c0-8.84-7.16-16-16-16zm-387.2-48h22.4c6.4 0 12.8-6.4 12.8-12.8v-70.4c0-6.4-6.4-12.8-12.8-12.8h-22.4c-6.4 0-12.8 6.4-12.8 12.8v70.4c0 6.4 6.4 12.8 12.8 12.8z\" class=\"\"><\/path><\/svg><\/i> <img decoding=\"async\" width=\"16\" height=\"16\" alt=\"Loading\" src=\"https:\/\/www.muniolopa.gob.gt\/wp-content\/plugins\/page-views-count\/ajax-loader-2x.gif\" border=0 \/><\/p>\n<div class=\"pvc_clear\"><\/div>\n","protected":false},"excerpt":{"rendered":"<p>Alcalde Municipal Queridos ciudadanos y visitantes, Con enorme placer, les doy la bienvenida a nuestra p\u00e1gina. Sabemos la importancia que la comunicaci\u00f3n tiene actualmente en nuestras vidas, siendo por eso primordial en la promoci\u00f3n, informaci\u00f3n e interacci\u00f3n con nuestros ciudadanos y visitantes. Iniciamos ahora un nuevo ciclo, conscientes de las dificultades que nos est\u00e1 afectando, [&hellip;]<\/p>\n<div class=\"pvc_clear\"><\/div>\n<p id=\"pvc_stats_3031\" class=\"pvc_stats all  \" data-element-id=\"3031\" style=\"\"><i class=\"pvc-stats-icon medium\" aria-hidden=\"true\"><svg aria-hidden=\"true\" focusable=\"false\" data-prefix=\"far\" data-icon=\"chart-bar\" role=\"img\" xmlns=\"http:\/\/www.w3.org\/2000\/svg\" viewBox=\"0 0 512 512\" class=\"svg-inline--fa fa-chart-bar fa-w-16 fa-2x\"><path fill=\"currentColor\" d=\"M396.8 352h22.4c6.4 0 12.8-6.4 12.8-12.8V108.8c0-6.4-6.4-12.8-12.8-12.8h-22.4c-6.4 0-12.8 6.4-12.8 12.8v230.4c0 6.4 6.4 12.8 12.8 12.8zm-192 0h22.4c6.4 0 12.8-6.4 12.8-12.8V140.8c0-6.4-6.4-12.8-12.8-12.8h-22.4c-6.4 0-12.8 6.4-12.8 12.8v198.4c0 6.4 6.4 12.8 12.8 12.8zm96 0h22.4c6.4 0 12.8-6.4 12.8-12.8V204.8c0-6.4-6.4-12.8-12.8-12.8h-22.4c-6.4 0-12.8 6.4-12.8 12.8v134.4c0 6.4 6.4 12.8 12.8 12.8zM496 400H48V80c0-8.84-7.16-16-16-16H16C7.16 64 0 71.16 0 80v336c0 17.67 14.33 32 32 32h464c8.84 0 16-7.16 16-16v-16c0-8.84-7.16-16-16-16zm-387.2-48h22.4c6.4 0 12.8-6.4 12.8-12.8v-70.4c0-6.4-6.4-12.8-12.8-12.8h-22.4c-6.4 0-12.8 6.4-12.8 12.8v70.4c0 6.4 6.4 12.8 12.8 12.8z\" class=\"\"><\/path><\/svg><\/i> <img decoding=\"async\" width=\"16\" height=\"16\" alt=\"Loading\" src=\"https:\/\/www.muniolopa.gob.gt\/wp-content\/plugins\/page-views-count\/ajax-loader-2x.gif\" border=0 \/><\/p>\n<div class=\"pvc_clear\"><\/div>\n","protected":false},"author":1,"featured_media":0,"parent":0,"menu_order":0,"comment_status":"closed","ping_status":"closed","template":"","meta":{"footnotes":""},"class_list":["post-3031","page","type-page","status-publish","hentry"],"_links":{"self":[{"href":"https:\/\/www.muniolopa.gob.gt\/index.php\/wp-json\/wp\/v2\/pages\/3031","targetHints":{"allow":["GET"]}}],"collection":[{"href":"https:\/\/www.muniolopa.gob.gt\/index.php\/wp-json\/wp\/v2\/pages"}],"about":[{"href":"https:\/\/www.muniolopa.gob.gt\/index.php\/wp-json\/wp\/v2\/types\/page"}],"author":[{"embeddable":true,"href":"https:\/\/www.muniolopa.gob.gt\/index.php\/wp-json\/wp\/v2\/users\/1"}],"replies":[{"embeddable":true,"href":"https:\/\/www.muniolopa.gob.gt\/index.php\/wp-json\/wp\/v2\/comments?post=3031"}],"version-history":[{"count":3,"href":"https:\/\/www.muniolopa.gob.gt\/index.php\/wp-json\/wp\/v2\/pages\/3031\/revisions"}],"predecessor-version":[{"id":9665,"href":"https:\/\/www.muniolopa.gob.gt\/index.php\/wp-json\/wp\/v2\/pages\/3031\/revisions\/9665"}],"wp:attachment":[{"href":"https:\/\/www.muniolopa.gob.gt\/index.php\/wp-json\/wp\/v2\/media?parent=3031"}],"curies":[{"name":"wp","href":"https:\/\/api.w.org\/{rel}","templated":true}]}}