{"id":3047,"date":"2021-09-24T12:26:00","date_gmt":"2021-09-24T12:26:00","guid":{"rendered":"https:\/\/www.muniolopa.gob.gt\/?page_id=3047"},"modified":"2024-04-17T20:53:27","modified_gmt":"2024-04-17T20:53:27","slug":"3047-2","status":"publish","type":"page","link":"https:\/\/www.muniolopa.gob.gt\/index.php\/3047-2\/","title":{"rendered":""},"content":{"rendered":"<h2 style=\"text-align: center;\">Direcci\u00f3n Financiera<\/h2>\n<p><img fetchpriority=\"high\" decoding=\"async\" class=\"wp-image-9562 aligncenter\" src=\"https:\/\/www.muniolopa.gob.gt\/wp-content\/uploads\/2024\/04\/photo_4974238579299560342_y-300x225.jpg\" alt=\"\" width=\"893\" height=\"670\" srcset=\"https:\/\/www.muniolopa.gob.gt\/wp-content\/uploads\/2024\/04\/photo_4974238579299560342_y-300x225.jpg 300w, https:\/\/www.muniolopa.gob.gt\/wp-content\/uploads\/2024\/04\/photo_4974238579299560342_y-1024x768.jpg 1024w, https:\/\/www.muniolopa.gob.gt\/wp-content\/uploads\/2024\/04\/photo_4974238579299560342_y.jpg 1280w\" sizes=\"(max-width: 893px) 100vw, 893px\" \/><\/p>\n<p>&nbsp;<\/p>\n<section id=\"section-id-1502472234802\" class=\"sppb-section \">\n<div class=\"sppb-row-container\">\n<div class=\"sppb-row\">\n<div class=\"sppb-col-md-12\">\n<div id=\"column-id-1502472234803\" class=\"sppb-column\">\n<div class=\"sppb-column-addons\">\n<div id=\"sppb-addon-1502472234806\" class=\"clearfix\">\n<div class=\"sppb-addon sppb-addon-text-block sppb-text-left \">\n<div class=\"sppb-addon-content\">\n<div style=\"text-align: justify;\"><strong>FUNCIONES:<\/strong><\/div>\n<div style=\"text-align: justify;\">Cumplir sin excusa alguna, con todas las funciones, atribuciones y deberes que se\u00f1ala el art\u00edculo 98 del decreto 12-2002 C\u00f3digo Municipal y adem\u00e1s las siguientes:<\/div>\n<ul>\n<li style=\"text-align: justify;\">Supervisar al personal que tiene bajo su responsabilidad y a qui\u00e9n le ha asignado una funci\u00f3n espec\u00edfica.<\/li>\n<li style=\"text-align: justify;\">Velar porque el proyecto del presupuesto este congruente con las pol\u00edticas p\u00fablicas vigente, y en la primera semana del mes de octubre de cada a\u00f1o, lo someta a consideraci\u00f3n del Concejo Municipal, de conformidad a lo establecido en el art\u00edculo 131 de C\u00f3digo Municipal.<\/li>\n<li style=\"text-align: justify;\">Proponer las modificaciones presupuestarias, que conformen el C\u00f3digo Municipal le corresponde aprobar el Concejo Municipal.<\/li>\n<li style=\"text-align: justify;\">Dise\u00f1ar y proponer al Concejo Municipal procedimientos y formas de transparentar el uso y resultados del gasto p\u00fablico municipal.<\/li>\n<li style=\"text-align: justify;\">Revisar los expedientes administrativos con el fin de verificar que contengan la papeleria completa y necesaria para poder realizar el pago. As\u00ed como verificar si existe disponibilidad presupuestaria, previo a realizar un pago.<\/li>\n<li style=\"text-align: justify;\">Firmar de autorizado los cheques mancomunadamente con auntoridad superior, as\u00ed como los documentos de legitimo abono para la aprobaci\u00f3n de pago y registro contable.<\/li>\n<li style=\"text-align: justify;\">Realizar todos los pagos de obligaciones financieras q haya contra\u00eddo la Municipalidad tales como: sueldos y salarios, honorarios profecionales, materiales y suministros, pago de obras, amortizaci\u00f3n de deudas y rentas consignadas (PPEM, IGSS, etc.); siempre que est\u00e9n fundadas en las asignaciones del presupuesto, verificando previamente su legalidad.<\/li>\n<li style=\"text-align: justify;\">Controlar en forma efectiva la ejecuci\u00f3n del presupuesto, evitando gastos innecesarios, que redunden en menoscabo del erario municipal, cumplientdo con las normas contenidas en la Ley Org\u00e1nica del Presupuesto.Ordenar y preparar toda la documentaci\u00f3n que deber\u00e1 ser rendida a la Contralor\u00eda de Cuentas para su examen de conformidad con la Ley.<\/li>\n<\/ul>\n<\/div>\n<\/div>\n<\/div>\n<\/div>\n<\/div>\n<\/div>\n<\/div>\n<\/div>\n<\/section>\n<div class=\"pvc_clear\"><\/div>\n<p id=\"pvc_stats_3047\" class=\"pvc_stats all  \" data-element-id=\"3047\" style=\"\"><i class=\"pvc-stats-icon medium\" aria-hidden=\"true\"><svg aria-hidden=\"true\" focusable=\"false\" data-prefix=\"far\" data-icon=\"chart-bar\" role=\"img\" xmlns=\"http:\/\/www.w3.org\/2000\/svg\" viewBox=\"0 0 512 512\" class=\"svg-inline--fa fa-chart-bar fa-w-16 fa-2x\"><path fill=\"currentColor\" d=\"M396.8 352h22.4c6.4 0 12.8-6.4 12.8-12.8V108.8c0-6.4-6.4-12.8-12.8-12.8h-22.4c-6.4 0-12.8 6.4-12.8 12.8v230.4c0 6.4 6.4 12.8 12.8 12.8zm-192 0h22.4c6.4 0 12.8-6.4 12.8-12.8V140.8c0-6.4-6.4-12.8-12.8-12.8h-22.4c-6.4 0-12.8 6.4-12.8 12.8v198.4c0 6.4 6.4 12.8 12.8 12.8zm96 0h22.4c6.4 0 12.8-6.4 12.8-12.8V204.8c0-6.4-6.4-12.8-12.8-12.8h-22.4c-6.4 0-12.8 6.4-12.8 12.8v134.4c0 6.4 6.4 12.8 12.8 12.8zM496 400H48V80c0-8.84-7.16-16-16-16H16C7.16 64 0 71.16 0 80v336c0 17.67 14.33 32 32 32h464c8.84 0 16-7.16 16-16v-16c0-8.84-7.16-16-16-16zm-387.2-48h22.4c6.4 0 12.8-6.4 12.8-12.8v-70.4c0-6.4-6.4-12.8-12.8-12.8h-22.4c-6.4 0-12.8 6.4-12.8 12.8v70.4c0 6.4 6.4 12.8 12.8 12.8z\" class=\"\"><\/path><\/svg><\/i> <img decoding=\"async\" width=\"16\" height=\"16\" alt=\"Loading\" src=\"https:\/\/www.muniolopa.gob.gt\/wp-content\/plugins\/page-views-count\/ajax-loader-2x.gif\" border=0 \/><\/p>\n<div class=\"pvc_clear\"><\/div>\n","protected":false},"excerpt":{"rendered":"<p>Direcci\u00f3n Financiera &nbsp; FUNCIONES: Cumplir sin excusa alguna, con todas las funciones, atribuciones y deberes que se\u00f1ala el art\u00edculo 98 del decreto 12-2002 C\u00f3digo Municipal y adem\u00e1s las siguientes: Supervisar al personal que tiene bajo su responsabilidad y a qui\u00e9n le ha asignado una funci\u00f3n espec\u00edfica. Velar porque el proyecto del presupuesto este congruente con [&hellip;]<\/p>\n<div class=\"pvc_clear\"><\/div>\n<p id=\"pvc_stats_3047\" class=\"pvc_stats all  \" data-element-id=\"3047\" style=\"\"><i class=\"pvc-stats-icon medium\" aria-hidden=\"true\"><svg aria-hidden=\"true\" focusable=\"false\" data-prefix=\"far\" data-icon=\"chart-bar\" role=\"img\" xmlns=\"http:\/\/www.w3.org\/2000\/svg\" viewBox=\"0 0 512 512\" class=\"svg-inline--fa fa-chart-bar fa-w-16 fa-2x\"><path fill=\"currentColor\" d=\"M396.8 352h22.4c6.4 0 12.8-6.4 12.8-12.8V108.8c0-6.4-6.4-12.8-12.8-12.8h-22.4c-6.4 0-12.8 6.4-12.8 12.8v230.4c0 6.4 6.4 12.8 12.8 12.8zm-192 0h22.4c6.4 0 12.8-6.4 12.8-12.8V140.8c0-6.4-6.4-12.8-12.8-12.8h-22.4c-6.4 0-12.8 6.4-12.8 12.8v198.4c0 6.4 6.4 12.8 12.8 12.8zm96 0h22.4c6.4 0 12.8-6.4 12.8-12.8V204.8c0-6.4-6.4-12.8-12.8-12.8h-22.4c-6.4 0-12.8 6.4-12.8 12.8v134.4c0 6.4 6.4 12.8 12.8 12.8zM496 400H48V80c0-8.84-7.16-16-16-16H16C7.16 64 0 71.16 0 80v336c0 17.67 14.33 32 32 32h464c8.84 0 16-7.16 16-16v-16c0-8.84-7.16-16-16-16zm-387.2-48h22.4c6.4 0 12.8-6.4 12.8-12.8v-70.4c0-6.4-6.4-12.8-12.8-12.8h-22.4c-6.4 0-12.8 6.4-12.8 12.8v70.4c0 6.4 6.4 12.8 12.8 12.8z\" class=\"\"><\/path><\/svg><\/i> <img decoding=\"async\" width=\"16\" height=\"16\" alt=\"Loading\" src=\"https:\/\/www.muniolopa.gob.gt\/wp-content\/plugins\/page-views-count\/ajax-loader-2x.gif\" border=0 \/><\/p>\n<div class=\"pvc_clear\"><\/div>\n","protected":false},"author":1,"featured_media":0,"parent":0,"menu_order":0,"comment_status":"closed","ping_status":"closed","template":"","meta":{"footnotes":""},"class_list":["post-3047","page","type-page","status-publish","hentry"],"_links":{"self":[{"href":"https:\/\/www.muniolopa.gob.gt\/index.php\/wp-json\/wp\/v2\/pages\/3047","targetHints":{"allow":["GET"]}}],"collection":[{"href":"https:\/\/www.muniolopa.gob.gt\/index.php\/wp-json\/wp\/v2\/pages"}],"about":[{"href":"https:\/\/www.muniolopa.gob.gt\/index.php\/wp-json\/wp\/v2\/types\/page"}],"author":[{"embeddable":true,"href":"https:\/\/www.muniolopa.gob.gt\/index.php\/wp-json\/wp\/v2\/users\/1"}],"replies":[{"embeddable":true,"href":"https:\/\/www.muniolopa.gob.gt\/index.php\/wp-json\/wp\/v2\/comments?post=3047"}],"version-history":[{"count":5,"href":"https:\/\/www.muniolopa.gob.gt\/index.php\/wp-json\/wp\/v2\/pages\/3047\/revisions"}],"predecessor-version":[{"id":9567,"href":"https:\/\/www.muniolopa.gob.gt\/index.php\/wp-json\/wp\/v2\/pages\/3047\/revisions\/9567"}],"wp:attachment":[{"href":"https:\/\/www.muniolopa.gob.gt\/index.php\/wp-json\/wp\/v2\/media?parent=3047"}],"curies":[{"name":"wp","href":"https:\/\/api.w.org\/{rel}","templated":true}]}}