{"id":3052,"date":"2021-09-24T12:32:17","date_gmt":"2021-09-24T12:32:17","guid":{"rendered":"https:\/\/www.muniolopa.gob.gt\/?page_id=3052"},"modified":"2024-04-17T20:48:23","modified_gmt":"2024-04-17T20:48:23","slug":"3052-2","status":"publish","type":"page","link":"https:\/\/www.muniolopa.gob.gt\/index.php\/3052-2\/","title":{"rendered":""},"content":{"rendered":"<h2 class=\"header\" style=\"text-align: center;\">Direcci\u00f3n Municipal de Planificaci\u00f3n<\/h2>\n<p><img fetchpriority=\"high\" decoding=\"async\" class=\"wp-image-9560 aligncenter\" src=\"https:\/\/www.muniolopa.gob.gt\/wp-content\/uploads\/2024\/04\/photo_4974238579299560341_y-300x225.jpg\" alt=\"\" width=\"811\" height=\"608\" srcset=\"https:\/\/www.muniolopa.gob.gt\/wp-content\/uploads\/2024\/04\/photo_4974238579299560341_y-300x225.jpg 300w, https:\/\/www.muniolopa.gob.gt\/wp-content\/uploads\/2024\/04\/photo_4974238579299560341_y-1024x768.jpg 1024w, https:\/\/www.muniolopa.gob.gt\/wp-content\/uploads\/2024\/04\/photo_4974238579299560341_y.jpg 1280w\" sizes=\"(max-width: 811px) 100vw, 811px\" \/><\/p>\n<section id=\"section-id-1503676439957\" class=\"sppb-section \">\n<div class=\"sppb-row-container\">\n<div class=\"sppb-row\">\n<div class=\"sppb-col-md-12\">\n<div id=\"column-id-1503676439958\" class=\"sppb-column\">\n<div class=\"sppb-column-addons\">\n<div id=\"sppb-addon-1503676439961\" class=\"clearfix\">\n<div class=\"sppb-addon sppb-addon-text-block sppb-text-left \">\n<div class=\"sppb-addon-content\">\n<p style=\"text-align: justify;\"><strong>FUNCIONES:<\/strong><\/p>\n<ul>\n<li style=\"text-align: justify;\">Controlar, dirigir, ejecutar, organizar, programar y supervisar las actividades relacionadas con la naturaleza de su Unidad.<\/li>\n<li style=\"text-align: justify;\">Mantener actualizado el registro de necesidades identificadas y priorizadas en los Consejos de Municipal de Desarrollo \u2013COMUDE-.<\/li>\n<li style=\"text-align: justify;\">Apoyar al alcalde Municipal en la Elaboraci\u00f3n del Plan Operativo Anual \u2013 POA \u2013 el Plan de Inversiones y el Programa de Presupuesto del siguiente per\u00edodo.<\/li>\n<li style=\"text-align: justify;\">Elaborar los perfiles, estudios de preinversi\u00f3n y factibilidad de los proyectos para el desarrollo del municipio, a partir de las necesidades sentidas y priorizadas.<\/li>\n<li style=\"text-align: justify;\">Mantener actualizadas las estad\u00edsticas socioecon\u00f3micas del municipio,\u00a0 incluyendo la informaci\u00f3n geogr\u00e1fica de ordenamiento territorial y de recursos naturales.<\/li>\n<li style=\"text-align: justify;\">Mantener actualizado el registro de necesidades identificadas y priorizadas y de los planes, programas y proyectos en sus fases de perfil, factibilidad, negociaci\u00f3n y ejecuci\u00f3n.<\/li>\n<li style=\"text-align: justify;\">Mantener un inventario permanente de la infraestructura social y productiva con que cuenta cada centro poblado, as\u00ed como de la cobertura de los servicios p\u00fablicos de los que gozan \u00e9stos.<\/li>\n<li style=\"text-align: justify;\">Asesorar al Concejo Municipal y al Alcalde, en sus relaciones con las entidades de desarrollo p\u00fablicas y privadas.<\/li>\n<li style=\"text-align: justify;\">Otras actividades relacionadas con el desempe\u00f1o de su cargo, y aquellas que le encomiende el Concejo Municipal o el Alcalde.<\/li>\n<\/ul>\n<\/div>\n<\/div>\n<\/div>\n<\/div>\n<\/div>\n<\/div>\n<\/div>\n<\/div>\n<\/section>\n<div class=\"pvc_clear\"><\/div>\n<p id=\"pvc_stats_3052\" class=\"pvc_stats all  \" data-element-id=\"3052\" style=\"\"><i class=\"pvc-stats-icon medium\" aria-hidden=\"true\"><svg aria-hidden=\"true\" focusable=\"false\" data-prefix=\"far\" data-icon=\"chart-bar\" role=\"img\" xmlns=\"http:\/\/www.w3.org\/2000\/svg\" viewBox=\"0 0 512 512\" class=\"svg-inline--fa fa-chart-bar fa-w-16 fa-2x\"><path fill=\"currentColor\" d=\"M396.8 352h22.4c6.4 0 12.8-6.4 12.8-12.8V108.8c0-6.4-6.4-12.8-12.8-12.8h-22.4c-6.4 0-12.8 6.4-12.8 12.8v230.4c0 6.4 6.4 12.8 12.8 12.8zm-192 0h22.4c6.4 0 12.8-6.4 12.8-12.8V140.8c0-6.4-6.4-12.8-12.8-12.8h-22.4c-6.4 0-12.8 6.4-12.8 12.8v198.4c0 6.4 6.4 12.8 12.8 12.8zm96 0h22.4c6.4 0 12.8-6.4 12.8-12.8V204.8c0-6.4-6.4-12.8-12.8-12.8h-22.4c-6.4 0-12.8 6.4-12.8 12.8v134.4c0 6.4 6.4 12.8 12.8 12.8zM496 400H48V80c0-8.84-7.16-16-16-16H16C7.16 64 0 71.16 0 80v336c0 17.67 14.33 32 32 32h464c8.84 0 16-7.16 16-16v-16c0-8.84-7.16-16-16-16zm-387.2-48h22.4c6.4 0 12.8-6.4 12.8-12.8v-70.4c0-6.4-6.4-12.8-12.8-12.8h-22.4c-6.4 0-12.8 6.4-12.8 12.8v70.4c0 6.4 6.4 12.8 12.8 12.8z\" class=\"\"><\/path><\/svg><\/i> <img decoding=\"async\" width=\"16\" height=\"16\" alt=\"Loading\" src=\"https:\/\/www.muniolopa.gob.gt\/wp-content\/plugins\/page-views-count\/ajax-loader-2x.gif\" border=0 \/><\/p>\n<div class=\"pvc_clear\"><\/div>\n","protected":false},"excerpt":{"rendered":"<p>Direcci\u00f3n Municipal de Planificaci\u00f3n FUNCIONES: Controlar, dirigir, ejecutar, organizar, programar y supervisar las actividades relacionadas con la naturaleza de su Unidad. Mantener actualizado el registro de necesidades identificadas y priorizadas en los Consejos de Municipal de Desarrollo \u2013COMUDE-. Apoyar al alcalde Municipal en la Elaboraci\u00f3n del Plan Operativo Anual \u2013 POA \u2013 el Plan de [&hellip;]<\/p>\n<div class=\"pvc_clear\"><\/div>\n<p id=\"pvc_stats_3052\" class=\"pvc_stats all  \" data-element-id=\"3052\" style=\"\"><i class=\"pvc-stats-icon medium\" aria-hidden=\"true\"><svg aria-hidden=\"true\" focusable=\"false\" data-prefix=\"far\" data-icon=\"chart-bar\" role=\"img\" xmlns=\"http:\/\/www.w3.org\/2000\/svg\" viewBox=\"0 0 512 512\" class=\"svg-inline--fa fa-chart-bar fa-w-16 fa-2x\"><path fill=\"currentColor\" d=\"M396.8 352h22.4c6.4 0 12.8-6.4 12.8-12.8V108.8c0-6.4-6.4-12.8-12.8-12.8h-22.4c-6.4 0-12.8 6.4-12.8 12.8v230.4c0 6.4 6.4 12.8 12.8 12.8zm-192 0h22.4c6.4 0 12.8-6.4 12.8-12.8V140.8c0-6.4-6.4-12.8-12.8-12.8h-22.4c-6.4 0-12.8 6.4-12.8 12.8v198.4c0 6.4 6.4 12.8 12.8 12.8zm96 0h22.4c6.4 0 12.8-6.4 12.8-12.8V204.8c0-6.4-6.4-12.8-12.8-12.8h-22.4c-6.4 0-12.8 6.4-12.8 12.8v134.4c0 6.4 6.4 12.8 12.8 12.8zM496 400H48V80c0-8.84-7.16-16-16-16H16C7.16 64 0 71.16 0 80v336c0 17.67 14.33 32 32 32h464c8.84 0 16-7.16 16-16v-16c0-8.84-7.16-16-16-16zm-387.2-48h22.4c6.4 0 12.8-6.4 12.8-12.8v-70.4c0-6.4-6.4-12.8-12.8-12.8h-22.4c-6.4 0-12.8 6.4-12.8 12.8v70.4c0 6.4 6.4 12.8 12.8 12.8z\" class=\"\"><\/path><\/svg><\/i> <img decoding=\"async\" width=\"16\" height=\"16\" alt=\"Loading\" src=\"https:\/\/www.muniolopa.gob.gt\/wp-content\/plugins\/page-views-count\/ajax-loader-2x.gif\" border=0 \/><\/p>\n<div class=\"pvc_clear\"><\/div>\n","protected":false},"author":1,"featured_media":0,"parent":0,"menu_order":0,"comment_status":"closed","ping_status":"closed","template":"","meta":{"footnotes":""},"class_list":["post-3052","page","type-page","status-publish","hentry"],"_links":{"self":[{"href":"https:\/\/www.muniolopa.gob.gt\/index.php\/wp-json\/wp\/v2\/pages\/3052","targetHints":{"allow":["GET"]}}],"collection":[{"href":"https:\/\/www.muniolopa.gob.gt\/index.php\/wp-json\/wp\/v2\/pages"}],"about":[{"href":"https:\/\/www.muniolopa.gob.gt\/index.php\/wp-json\/wp\/v2\/types\/page"}],"author":[{"embeddable":true,"href":"https:\/\/www.muniolopa.gob.gt\/index.php\/wp-json\/wp\/v2\/users\/1"}],"replies":[{"embeddable":true,"href":"https:\/\/www.muniolopa.gob.gt\/index.php\/wp-json\/wp\/v2\/comments?post=3052"}],"version-history":[{"count":3,"href":"https:\/\/www.muniolopa.gob.gt\/index.php\/wp-json\/wp\/v2\/pages\/3052\/revisions"}],"predecessor-version":[{"id":9561,"href":"https:\/\/www.muniolopa.gob.gt\/index.php\/wp-json\/wp\/v2\/pages\/3052\/revisions\/9561"}],"wp:attachment":[{"href":"https:\/\/www.muniolopa.gob.gt\/index.php\/wp-json\/wp\/v2\/media?parent=3052"}],"curies":[{"name":"wp","href":"https:\/\/api.w.org\/{rel}","templated":true}]}}