{"id":3057,"date":"2021-09-24T12:43:13","date_gmt":"2021-09-24T12:43:13","guid":{"rendered":"https:\/\/www.muniolopa.gob.gt\/?page_id=3057"},"modified":"2024-04-17T20:54:29","modified_gmt":"2024-04-17T20:54:29","slug":"3057-2","status":"publish","type":"page","link":"https:\/\/www.muniolopa.gob.gt\/index.php\/3057-2\/","title":{"rendered":""},"content":{"rendered":"<h2 class=\"header\" style=\"text-align: center;\">Direcci\u00f3n de Serv\u00edcios P\u00fablicos<\/h2>\n<p><img fetchpriority=\"high\" decoding=\"async\" class=\"wp-image-9565 aligncenter\" src=\"https:\/\/www.muniolopa.gob.gt\/wp-content\/uploads\/2024\/04\/photo_4974238579299560343_y-300x225.jpg\" alt=\"\" width=\"869\" height=\"652\" srcset=\"https:\/\/www.muniolopa.gob.gt\/wp-content\/uploads\/2024\/04\/photo_4974238579299560343_y-300x225.jpg 300w, https:\/\/www.muniolopa.gob.gt\/wp-content\/uploads\/2024\/04\/photo_4974238579299560343_y-1024x768.jpg 1024w, https:\/\/www.muniolopa.gob.gt\/wp-content\/uploads\/2024\/04\/photo_4974238579299560343_y.jpg 1280w\" sizes=\"(max-width: 869px) 100vw, 869px\" \/><\/p>\n<section id=\"section-id-1503676914352\" class=\"sppb-section \">\n<div class=\"sppb-row-container\">\n<div class=\"sppb-row\">\n<div class=\"sppb-col-md-12\">\n<div id=\"column-id-1503676914353\" class=\"sppb-column\">\n<div class=\"sppb-column-addons\">\n<div id=\"sppb-addon-1503676914356\" class=\"clearfix\">\n<div class=\"sppb-addon sppb-addon-text-block sppb-text-left \">\n<div class=\"sppb-addon-content\">\n<p style=\"text-align: justify;\"><strong>FUNCIONES:<\/strong><\/p>\n<ul>\n<li style=\"text-align: justify;\">El establecimiento, planificaci\u00f3n, reglamento, programaci\u00f3n, control y evaluacion de los servicios publicos municipales.<\/li>\n<li style=\"text-align: justify;\">Elaborar en coordinaci\u00f3n con la Direcci\u00f3n Municipal de Planificaci\u00f3n (DMP), estudios para determinar la capacidad de la municipalidad para prestar los servicios p\u00fablicos municipales, en proporci\u00f3n a la demanda de la poblaci\u00f3n y formular propuestas de inversi\u00f3n para el mejoramiento de la infraestructurade \u00e9stos.<\/li>\n<li style=\"text-align: justify;\">Dise\u00f1ar y aplicar mecanismos de control, para conocer el nivel de satisfacci\u00f3n de los usuarios de los servicios.<\/li>\n<li style=\"text-align: justify;\">Planificar y diriguir las actividades tendentes a la prestaci\u00f3n eficiente y eficaz de los servicios.<\/li>\n<li style=\"text-align: justify;\">Supervisar periodicamente el estado de las instalaciones y el funcionamiento de los servicio,como base para aplicar y\/o proponer al Consejo Municipal, por intermedio del Alcalde, las medidas correctivas.<\/li>\n<li style=\"text-align: justify;\">Proponer al Consejo Municipal por intermedio del Alcalde, medidas que tiendan a la modernizaci\u00f3n y a la eficacia de los servicios.<\/li>\n<li style=\"text-align: justify;\">Prestar informes de avances de programas de mantenimiento, mejora y aplicaci\u00f3nes de los servicios.<\/li>\n<li style=\"text-align: justify;\">Coordinar con la Unidad de Administraci\u00f3n Financiera Integrada Municipal (AFIM), la reglamentaci\u00f3n, publicaci\u00f3n y divulgaci\u00f3n de los sevicios; asi como el establecimiento peri\u00f3dico de los costos de operaci\u00f3n, mantenimiento, mejoramiento de calidad y cobertura de \u00e9stos.<\/li>\n<li style=\"text-align: justify;\">Verificar la existencia, divulgaci\u00f3n y cumplimiento de las disposiciones legales vigentes, aplicables a los servicios p\u00fablicos Municipales y proponer las reformas pertinentes, especialmente en lo relacionado con los reglamentos Municipales.<\/li>\n<li style=\"text-align: justify;\">Reportar al Juzgado de Asuntos Municipales las infracciones a los reglamentos, ordenanzas y disposiciones Municipales, relativas a los servicios p\u00fablicos municipales, para la imposici\u00f3n de las sanciones que correspondan.<\/li>\n<\/ul>\n<\/div>\n<\/div>\n<\/div>\n<\/div>\n<\/div>\n<\/div>\n<\/div>\n<\/div>\n<\/section>\n<div class=\"pvc_clear\"><\/div>\n<p id=\"pvc_stats_3057\" class=\"pvc_stats all  \" data-element-id=\"3057\" style=\"\"><i class=\"pvc-stats-icon medium\" aria-hidden=\"true\"><svg aria-hidden=\"true\" focusable=\"false\" data-prefix=\"far\" data-icon=\"chart-bar\" role=\"img\" xmlns=\"http:\/\/www.w3.org\/2000\/svg\" viewBox=\"0 0 512 512\" class=\"svg-inline--fa fa-chart-bar fa-w-16 fa-2x\"><path fill=\"currentColor\" d=\"M396.8 352h22.4c6.4 0 12.8-6.4 12.8-12.8V108.8c0-6.4-6.4-12.8-12.8-12.8h-22.4c-6.4 0-12.8 6.4-12.8 12.8v230.4c0 6.4 6.4 12.8 12.8 12.8zm-192 0h22.4c6.4 0 12.8-6.4 12.8-12.8V140.8c0-6.4-6.4-12.8-12.8-12.8h-22.4c-6.4 0-12.8 6.4-12.8 12.8v198.4c0 6.4 6.4 12.8 12.8 12.8zm96 0h22.4c6.4 0 12.8-6.4 12.8-12.8V204.8c0-6.4-6.4-12.8-12.8-12.8h-22.4c-6.4 0-12.8 6.4-12.8 12.8v134.4c0 6.4 6.4 12.8 12.8 12.8zM496 400H48V80c0-8.84-7.16-16-16-16H16C7.16 64 0 71.16 0 80v336c0 17.67 14.33 32 32 32h464c8.84 0 16-7.16 16-16v-16c0-8.84-7.16-16-16-16zm-387.2-48h22.4c6.4 0 12.8-6.4 12.8-12.8v-70.4c0-6.4-6.4-12.8-12.8-12.8h-22.4c-6.4 0-12.8 6.4-12.8 12.8v70.4c0 6.4 6.4 12.8 12.8 12.8z\" class=\"\"><\/path><\/svg><\/i> <img decoding=\"async\" width=\"16\" height=\"16\" alt=\"Loading\" src=\"https:\/\/www.muniolopa.gob.gt\/wp-content\/plugins\/page-views-count\/ajax-loader-2x.gif\" border=0 \/><\/p>\n<div class=\"pvc_clear\"><\/div>\n","protected":false},"excerpt":{"rendered":"<p>Direcci\u00f3n de Serv\u00edcios P\u00fablicos FUNCIONES: El establecimiento, planificaci\u00f3n, reglamento, programaci\u00f3n, control y evaluacion de los servicios publicos municipales. Elaborar en coordinaci\u00f3n con la Direcci\u00f3n Municipal de Planificaci\u00f3n (DMP), estudios para determinar la capacidad de la municipalidad para prestar los servicios p\u00fablicos municipales, en proporci\u00f3n a la demanda de la poblaci\u00f3n y formular propuestas de inversi\u00f3n [&hellip;]<\/p>\n<div class=\"pvc_clear\"><\/div>\n<p id=\"pvc_stats_3057\" class=\"pvc_stats all  \" data-element-id=\"3057\" style=\"\"><i class=\"pvc-stats-icon medium\" aria-hidden=\"true\"><svg aria-hidden=\"true\" focusable=\"false\" data-prefix=\"far\" data-icon=\"chart-bar\" role=\"img\" xmlns=\"http:\/\/www.w3.org\/2000\/svg\" viewBox=\"0 0 512 512\" class=\"svg-inline--fa fa-chart-bar fa-w-16 fa-2x\"><path fill=\"currentColor\" d=\"M396.8 352h22.4c6.4 0 12.8-6.4 12.8-12.8V108.8c0-6.4-6.4-12.8-12.8-12.8h-22.4c-6.4 0-12.8 6.4-12.8 12.8v230.4c0 6.4 6.4 12.8 12.8 12.8zm-192 0h22.4c6.4 0 12.8-6.4 12.8-12.8V140.8c0-6.4-6.4-12.8-12.8-12.8h-22.4c-6.4 0-12.8 6.4-12.8 12.8v198.4c0 6.4 6.4 12.8 12.8 12.8zm96 0h22.4c6.4 0 12.8-6.4 12.8-12.8V204.8c0-6.4-6.4-12.8-12.8-12.8h-22.4c-6.4 0-12.8 6.4-12.8 12.8v134.4c0 6.4 6.4 12.8 12.8 12.8zM496 400H48V80c0-8.84-7.16-16-16-16H16C7.16 64 0 71.16 0 80v336c0 17.67 14.33 32 32 32h464c8.84 0 16-7.16 16-16v-16c0-8.84-7.16-16-16-16zm-387.2-48h22.4c6.4 0 12.8-6.4 12.8-12.8v-70.4c0-6.4-6.4-12.8-12.8-12.8h-22.4c-6.4 0-12.8 6.4-12.8 12.8v70.4c0 6.4 6.4 12.8 12.8 12.8z\" class=\"\"><\/path><\/svg><\/i> <img decoding=\"async\" width=\"16\" height=\"16\" alt=\"Loading\" src=\"https:\/\/www.muniolopa.gob.gt\/wp-content\/plugins\/page-views-count\/ajax-loader-2x.gif\" border=0 \/><\/p>\n<div class=\"pvc_clear\"><\/div>\n","protected":false},"author":1,"featured_media":0,"parent":0,"menu_order":0,"comment_status":"closed","ping_status":"closed","template":"","meta":{"footnotes":""},"class_list":["post-3057","page","type-page","status-publish","hentry"],"_links":{"self":[{"href":"https:\/\/www.muniolopa.gob.gt\/index.php\/wp-json\/wp\/v2\/pages\/3057","targetHints":{"allow":["GET"]}}],"collection":[{"href":"https:\/\/www.muniolopa.gob.gt\/index.php\/wp-json\/wp\/v2\/pages"}],"about":[{"href":"https:\/\/www.muniolopa.gob.gt\/index.php\/wp-json\/wp\/v2\/types\/page"}],"author":[{"embeddable":true,"href":"https:\/\/www.muniolopa.gob.gt\/index.php\/wp-json\/wp\/v2\/users\/1"}],"replies":[{"embeddable":true,"href":"https:\/\/www.muniolopa.gob.gt\/index.php\/wp-json\/wp\/v2\/comments?post=3057"}],"version-history":[{"count":2,"href":"https:\/\/www.muniolopa.gob.gt\/index.php\/wp-json\/wp\/v2\/pages\/3057\/revisions"}],"predecessor-version":[{"id":9568,"href":"https:\/\/www.muniolopa.gob.gt\/index.php\/wp-json\/wp\/v2\/pages\/3057\/revisions\/9568"}],"wp:attachment":[{"href":"https:\/\/www.muniolopa.gob.gt\/index.php\/wp-json\/wp\/v2\/media?parent=3057"}],"curies":[{"name":"wp","href":"https:\/\/api.w.org\/{rel}","templated":true}]}}